{"id":16,"date":"2022-03-12T20:30:59","date_gmt":"2022-03-12T20:30:59","guid":{"rendered":"http:\/\/tayman.com.tr\/?page_id=16"},"modified":"2024-08-21T13:34:36","modified_gmt":"2024-08-21T13:34:36","slug":"bize-ulasin","status":"publish","type":"page","link":"http:\/\/tayman.com.tr\/index.php\/bize-ulasin\/","title":{"rendered":"Bize ula\u015f\u0131n"},"content":{"rendered":"\n<p>Vi\u015fnezade Mah. S\u00fcleyman Seba Cad. no: 79 \/ 1 Be\u015fikta\u015f \u0130stanbul<\/p>\n\n\n\n<p>Email: tayman@tayman.com.tr<\/p>\n\n\n\n<p>Tel : 0212 3511248 &#8211; 0532 2353557<\/p>\n","protected":false},"excerpt":{"rendered":"<p>Vi\u015fnezade Mah. S\u00fcleyman Seba Cad. no: 79 \/ 1 Be\u015fikta\u015f \u0130stanbul Email: tayman@tayman.com.tr Tel : 0212 3511248 &#8211; 0532 2353557<\/p>\n","protected":false},"author":1,"featured_media":0,"parent":0,"menu_order":0,"comment_status":"closed","ping_status":"closed","template":"","meta":[],"_links":{"self":[{"href":"http:\/\/tayman.com.tr\/index.php\/wp-json\/wp\/v2\/pages\/16"}],"collection":[{"href":"http:\/\/tayman.com.tr\/index.php\/wp-json\/wp\/v2\/pages"}],"about":[{"href":"http:\/\/tayman.com.tr\/index.php\/wp-json\/wp\/v2\/types\/page"}],"author":[{"embeddable":true,"href":"http:\/\/tayman.com.tr\/index.php\/wp-json\/wp\/v2\/users\/1"}],"replies":[{"embeddable":true,"href":"http:\/\/tayman.com.tr\/index.php\/wp-json\/wp\/v2\/comments?post=16"}],"version-history":[{"count":2,"href":"http:\/\/tayman.com.tr\/index.php\/wp-json\/wp\/v2\/pages\/16\/revisions"}],"predecessor-version":[{"id":58,"href":"http:\/\/tayman.com.tr\/index.php\/wp-json\/wp\/v2\/pages\/16\/revisions\/58"}],"wp:attachment":[{"href":"http:\/\/tayman.com.tr\/index.php\/wp-json\/wp\/v2\/media?parent=16"}],"curies":[{"name":"wp","href":"https:\/\/api.w.org\/{rel}","templated":true}]}}