{"id":15,"date":"2022-03-12T20:30:59","date_gmt":"2022-03-12T20:30:59","guid":{"rendered":"http:\/\/tayman.com.tr\/?page_id=15"},"modified":"2024-08-21T13:27:10","modified_gmt":"2024-08-21T13:27:10","slug":"hakkimizda","status":"publish","type":"page","link":"http:\/\/tayman.com.tr\/index.php\/hakkimizda\/","title":{"rendered":"Hakk\u0131m\u0131zda"},"content":{"rendered":"\n<p>TAYMAN M\u0130MARLIK LTD. \u015eT\u0130.<\/p>\n","protected":false},"excerpt":{"rendered":"<p>TAYMAN M\u0130MARLIK LTD. \u015eT\u0130.<\/p>\n","protected":false},"author":1,"featured_media":0,"parent":0,"menu_order":0,"comment_status":"closed","ping_status":"closed","template":"","meta":[],"_links":{"self":[{"href":"http:\/\/tayman.com.tr\/index.php\/wp-json\/wp\/v2\/pages\/15"}],"collection":[{"href":"http:\/\/tayman.com.tr\/index.php\/wp-json\/wp\/v2\/pages"}],"about":[{"href":"http:\/\/tayman.com.tr\/index.php\/wp-json\/wp\/v2\/types\/page"}],"author":[{"embeddable":true,"href":"http:\/\/tayman.com.tr\/index.php\/wp-json\/wp\/v2\/users\/1"}],"replies":[{"embeddable":true,"href":"http:\/\/tayman.com.tr\/index.php\/wp-json\/wp\/v2\/comments?post=15"}],"version-history":[{"count":2,"href":"http:\/\/tayman.com.tr\/index.php\/wp-json\/wp\/v2\/pages\/15\/revisions"}],"predecessor-version":[{"id":56,"href":"http:\/\/tayman.com.tr\/index.php\/wp-json\/wp\/v2\/pages\/15\/revisions\/56"}],"wp:attachment":[{"href":"http:\/\/tayman.com.tr\/index.php\/wp-json\/wp\/v2\/media?parent=15"}],"curies":[{"name":"wp","href":"https:\/\/api.w.org\/{rel}","templated":true}]}}